{"id":22,"date":"2025-10-08T10:13:40","date_gmt":"2025-10-08T10:13:40","guid":{"rendered":"https:\/\/msi73.ch\/?page_id=22"},"modified":"2026-02-23T10:21:22","modified_gmt":"2026-02-23T10:21:22","slug":"22-2","status":"publish","type":"page","link":"https:\/\/msi73.ch\/","title":{"rendered":"Landingpage"},"content":{"rendered":"<p>[et_pb_section fb_built=&#8220;1&#8243; _builder_version=&#8220;4.27.4&#8243; _module_preset=&#8220;default&#8220; background_image=&#8220;https:\/\/msi73.ch\/wp-content\/uploads\/2025\/10\/Lucid_Origin_View_from_the_back_of_a_concert_crowd_looking_tow_1.png&#8220; module_alignment=&#8220;center&#8220; custom_padding=&#8220;||120px|||&#8220; filter_hue_rotate=&#8220;198deg&#8220; filter_saturate=&#8220;157%&#8220; filter_brightness=&#8220;69%&#8220; filter_contrast=&#8220;140%&#8220; filter_sepia=&#8220;41%&#8220; top_divider_color=&#8220;#E02B20&#8243; bottom_divider_style=&#8220;arrow2&#8243; bottom_divider_color=&#8220;#e09900&#8243; global_colors_info=&#8220;{}&#8220;][et_pb_row _builder_version=&#8220;4.27.4&#8243; _module_preset=&#8220;default&#8220; custom_margin=&#8220;|||80px|false|false&#8220; custom_margin_tablet=&#8220;|||80px|false|false&#8220; custom_margin_phone=&#8220;|||50px|false|false&#8220; custom_margin_last_edited=&#8220;on|phone&#8220; global_colors_info=&#8220;{}&#8220;][et_pb_column type=&#8220;4_4&#8243; _builder_version=&#8220;4.27.4&#8243; _module_preset=&#8220;default&#8220; global_colors_info=&#8220;{}&#8220;][et_pb_text _builder_version=&#8220;4.27.4&#8243; _module_preset=&#8220;default&#8220; text_font=&#8220;Montserrat||on||||||&#8220; text_text_color=&#8220;#FFFFFF&#8220; text_font_size=&#8220;43px&#8220; text_line_height=&#8220;1.8em&#8220; max_width=&#8220;80%&#8220; animation_style=&#8220;slide&#8220; animation_delay=&#8220;500ms&#8220; global_colors_info=&#8220;{}&#8220;]<\/p>\n<p><strong data-start=\"678\" data-end=\"703\">Momente, die bleiben.<\/strong><br data-start=\"703\" data-end=\"706\" \/>Wir schaffen Erlebnisse, die Menschen verbinden.<\/p>\n<p>[\/et_pb_text][\/et_pb_column][\/et_pb_row][\/et_pb_section][et_pb_section fb_built=&#8220;1&#8243; _builder_version=&#8220;4.27.4&#8243; _module_preset=&#8220;default&#8220; custom_padding=&#8220;3px|||||&#8220; global_colors_info=&#8220;{}&#8220;][et_pb_row column_structure=&#8220;1_2,1_2&#8243; _builder_version=&#8220;4.27.4&#8243; _module_preset=&#8220;default&#8220; global_colors_info=&#8220;{}&#8220;][et_pb_column type=&#8220;1_2&#8243; _builder_version=&#8220;4.27.4&#8243; _module_preset=&#8220;default&#8220; global_colors_info=&#8220;{}&#8220;][et_pb_image src=&#8220;https:\/\/msi73.ch\/wp-content\/uploads\/2025\/10\/MarcoSinopoli_beige.png&#8220; title_text=&#8220;MarcoSinopoli_beige&#8220; align=&#8220;right&#8220; _builder_version=&#8220;4.27.4&#8243; _module_preset=&#8220;default&#8220; width=&#8220;51%&#8220; animation_style=&#8220;fade&#8220; animation_duration=&#8220;1250ms&#8220; animation_delay=&#8220;850ms&#8220; border_radii=&#8220;on|50%|50%|50%|50%&#8220; global_colors_info=&#8220;{}&#8220;][\/et_pb_image][\/et_pb_column][et_pb_column type=&#8220;1_2&#8243; _builder_version=&#8220;4.27.4&#8243; _module_preset=&#8220;default&#8220; global_colors_info=&#8220;{}&#8220;][et_pb_text _builder_version=&#8220;4.27.4&#8243; _module_preset=&#8220;default&#8220; text_font=&#8220;Montserrat|800|on||||||&#8220; text_text_color=&#8220;#009fe3&#8243; text_font_size=&#8220;16px&#8220; animation_style=&#8220;fade&#8220; global_colors_info=&#8220;{}&#8220;]<\/p>\n<p>UNFORGETTABLE EVENTS<\/p>\n<p>[\/et_pb_text][et_pb_text _builder_version=&#8220;4.27.4&#8243; _module_preset=&#8220;default&#8220; text_font=&#8220;Montserrat|600|on||||||&#8220; text_text_color=&#8220;#0087bc&#8220; text_font_size=&#8220;35px&#8220; text_line_height=&#8220;1.8em&#8220; custom_margin=&#8220;-21px|||||&#8220; animation_style=&#8220;fade&#8220; animation_duration=&#8220;1400ms&#8220; global_colors_info=&#8220;{}&#8220;]<\/p>\n<p>25 Jahre Leidenschaft f\u00fcr Event&#8217;s &amp; Messebau, Fotografie &amp; Live-Marketing<\/p>\n<p>[\/et_pb_text][\/et_pb_column][\/et_pb_row][et_pb_row _builder_version=&#8220;4.27.4&#8243; _module_preset=&#8220;default&#8220; custom_margin=&#8220;-30px|auto||auto||&#8220; custom_padding=&#8220;||49px|||&#8220; hover_enabled=&#8220;0&#8243; global_colors_info=&#8220;{}&#8220; sticky_enabled=&#8220;0&#8243;][et_pb_column type=&#8220;4_4&#8243; _builder_version=&#8220;4.27.4&#8243; _module_preset=&#8220;default&#8220; global_colors_info=&#8220;{}&#8220;][et_pb_text _builder_version=&#8220;4.27.4&#8243; _module_preset=&#8220;default&#8220; text_font=&#8220;Montserrat|300|||||||&#8220; text_text_color=&#8220;#000000&#8243; text_font_size=&#8220;19px&#8220; animation_style=&#8220;fade&#8220; animation_duration=&#8220;1100ms&#8220; global_colors_info=&#8220;{}&#8220;]<\/p>\n<p data-start=\"2082\" data-end=\"2225\" style=\"text-align: center;\">Von der ersten Idee bis zum Moment, in dem das Licht ausgeht \u2013 ich begleite Event&#8217;s, Messebau, Marken und Menschen seit \u00fcber 25 Jahren mit Leidenschaft.<\/p>\n<p data-start=\"2232\" data-end=\"2416\" style=\"text-align: center;\">Mein Fokus liegt auf Emotion, Pr\u00e4zision und Kreativit\u00e4t.<br data-start=\"2288\" data-end=\"2291\" \/>Ob Eventmanagement, Fotografie oder Marketing: Ich kombiniere Erfahrung mit Gef\u00fchl, um Erlebnisse zu schaffen, die bleiben.<\/p>\n<p>[\/et_pb_text][et_pb_text _builder_version=&#8220;4.27.4&#8243; _module_preset=&#8220;default&#8220; text_font=&#8220;Montserrat|600|||||||&#8220; text_text_color=&#8220;#000000&#8243; text_font_size=&#8220;19px&#8220; custom_margin=&#8220;||-40px|||&#8220; custom_padding=&#8220;1px||0px|||&#8220; animation_style=&#8220;fade&#8220; animation_duration=&#8220;1100ms&#8220; hover_enabled=&#8220;0&#8243; global_colors_info=&#8220;{}&#8220; sticky_enabled=&#8220;0&#8243;]<\/p>\n<p data-start=\"2082\" data-end=\"2225\" style=\"text-align: center;\">MARCO SINOPOLI &#8211; VISION\u00c4R | CEO | MACHER<\/p>\n<p>[\/et_pb_text][\/et_pb_column][\/et_pb_row][et_pb_row _builder_version=&#8220;4.27.4&#8243; _module_preset=&#8220;default&#8220; min_height=&#8220;34.3px&#8220; custom_padding=&#8220;1px||4px|||&#8220; global_colors_info=&#8220;{}&#8220;][et_pb_column type=&#8220;4_4&#8243; _builder_version=&#8220;4.27.4&#8243; _module_preset=&#8220;default&#8220; global_colors_info=&#8220;{}&#8220;][et_pb_image src=&#8220;https:\/\/msi73.ch\/wp-content\/uploads\/2025\/10\/marco-sinopoli.png&#8220; title_text=&#8220;marco-sinopoli&#8220; align=&#8220;center&#8220; _builder_version=&#8220;4.27.4&#8243; _module_preset=&#8220;default&#8220; width=&#8220;26%&#8220; module_alignment=&#8220;center&#8220; custom_margin=&#8220;||||false|false&#8220; custom_padding=&#8220;|40px||0px|false|false&#8220; animation_style=&#8220;fade&#8220; animation_duration=&#8220;1350ms&#8220; animation_delay=&#8220;750ms&#8220; animation_speed_curve=&#8220;ease-in&#8220; global_colors_info=&#8220;{}&#8220;][\/et_pb_image][\/et_pb_column][\/et_pb_row][\/et_pb_section][et_pb_section fb_built=&#8220;1&#8243; theme_builder_area=&#8220;post_content&#8220; _builder_version=&#8220;4.27.4&#8243; _module_preset=&#8220;default&#8220; custom_padding=&#8220;23px|||||&#8220;][et_pb_row _builder_version=&#8220;4.27.4&#8243; _module_preset=&#8220;default&#8220; theme_builder_area=&#8220;post_content&#8220; hover_enabled=&#8220;0&#8243; sticky_enabled=&#8220;0&#8243; min_height=&#8220;148px&#8220; custom_padding=&#8220;0px||27px|||&#8220;][et_pb_column _builder_version=&#8220;4.27.4&#8243; _module_preset=&#8220;default&#8220; type=&#8220;4_4&#8243; theme_builder_area=&#8220;post_content&#8220;][et_pb_text _builder_version=&#8220;4.27.4&#8243; _module_preset=&#8220;default&#8220; text_font=&#8220;Montserrat|600|||||||&#8220; text_text_color=&#8220;#000000&#8243; text_font_size=&#8220;19px&#8220; custom_margin=&#8220;||-40px|||&#8220; custom_padding=&#8220;24px||45px|||&#8220; animation_style=&#8220;fade&#8220; animation_duration=&#8220;1100ms&#8220; hover_enabled=&#8220;0&#8243; global_colors_info=&#8220;{}&#8220; sticky_enabled=&#8220;0&#8243; theme_builder_area=&#8220;post_content&#8220; min_height=&#8220;78.6px&#8220;]<\/p>\n<p data-start=\"2082\" data-end=\"2225\" style=\"text-align: center;\">Ein Messeauftritt ist mehr als eine Standfl\u00e4che.<br data-start=\"1934\" data-end=\"1937\" \/>Er ist ein dreidimensionales Statement Ihrer Marke.<\/p>\n<p>[\/et_pb_text][et_pb_text _builder_version=&#8220;4.27.4&#8243; _module_preset=&#8220;default&#8220; text_font=&#8220;Montserrat|300|||||||&#8220; text_text_color=&#8220;#000000&#8243; text_font_size=&#8220;19px&#8220; animation_style=&#8220;fade&#8220; animation_duration=&#8220;1100ms&#8220; hover_enabled=&#8220;0&#8243; global_colors_info=&#8220;{}&#8220; theme_builder_area=&#8220;post_content&#8220; sticky_enabled=&#8220;0&#8243;]<\/p>\n<p data-start=\"2082\" data-end=\"2225\" style=\"text-align: center;\">\n<p data-start=\"2145\" data-end=\"2251\" style=\"text-align: center;\">Von der ersten Skizze bis zur finalen Umsetzung begleite ich Unternehmen strategisch, kreativ und pr\u00e4zise<\/p>\n<p>[\/et_pb_text][\/et_pb_column][\/et_pb_row][et_pb_row _builder_version=&#8220;4.27.4&#8243; _module_preset=&#8220;default&#8220; column_structure=&#8220;1_2,1_2&#8243; theme_builder_area=&#8220;post_content&#8220; hover_enabled=&#8220;0&#8243; sticky_enabled=&#8220;0&#8243;][et_pb_column _builder_version=&#8220;4.27.4&#8243; _module_preset=&#8220;default&#8220; type=&#8220;1_2&#8243; theme_builder_area=&#8220;post_content&#8220; background_color=&#8220;#0C71C3&#8243; hover_enabled=&#8220;0&#8243; sticky_enabled=&#8220;0&#8243;][et_pb_image src=&#8220;https:\/\/msi73.ch\/wp-content\/uploads\/2026\/02\/Bildschirmfoto-2026-02-23-um-11.15.45.png&#8220; _builder_version=&#8220;4.27.4&#8243; _module_preset=&#8220;default&#8220; theme_builder_area=&#8220;post_content&#8220; alt=&#8220;msi73.ch&#8220; title_text=&#8220;Bildschirmfoto 2026-02-23 um 11.15.45&#8243; hover_enabled=&#8220;0&#8243; sticky_enabled=&#8220;0&#8243;][\/et_pb_image][\/et_pb_column][et_pb_column _builder_version=&#8220;4.27.4&#8243; _module_preset=&#8220;default&#8220; type=&#8220;1_2&#8243; theme_builder_area=&#8220;post_content&#8220;][et_pb_image src=&#8220;https:\/\/msi73.ch\/wp-content\/uploads\/2026\/02\/ChatGPT-Image-23.-Feb.-2026-11_08_47.png&#8220; _builder_version=&#8220;4.27.4&#8243; _module_preset=&#8220;default&#8220; theme_builder_area=&#8220;post_content&#8220; alt=&#8220;msi73&#8243; title_text=&#8220;ChatGPT Image 23. Feb. 2026, 11_08_47&#8243; hover_enabled=&#8220;0&#8243; sticky_enabled=&#8220;0&#8243;][\/et_pb_image][\/et_pb_column][\/et_pb_row][et_pb_row _builder_version=&#8220;4.27.4&#8243; _module_preset=&#8220;default&#8220; theme_builder_area=&#8220;post_content&#8220;][et_pb_column _builder_version=&#8220;4.27.4&#8243; _module_preset=&#8220;default&#8220; type=&#8220;4_4&#8243; theme_builder_area=&#8220;post_content&#8220;][et_pb_text _builder_version=&#8220;4.27.4&#8243; _module_preset=&#8220;default&#8220; theme_builder_area=&#8220;post_content&#8220; hover_enabled=&#8220;0&#8243; sticky_enabled=&#8220;0&#8243; text_font=&#8220;Montserrat||||||||&#8220;]<\/p>\n<h1 data-start=\"2258\" data-end=\"2288\" style=\"text-align: center;\">\u00a0Was ich f\u00fcr Sie \u00fcbernehme<\/h1>\n<h3 data-start=\"2290\" data-end=\"2322\" style=\"text-align: center;\">\u25aa Konzeption &amp; Raumplanung<\/h3>\n<p data-start=\"2323\" data-end=\"2385\" style=\"text-align: center;\">Grundriss, Besucherf\u00fchrung, Funktionszonen, Markenintegration.<\/p>\n<h3 data-start=\"2387\" data-end=\"2422\" style=\"text-align: center;\">\u25aa Visuelle Markeninszenierung<\/h3>\n<p data-start=\"2423\" data-end=\"2496\" style=\"text-align: center;\">Gro\u00dffl\u00e4chenvisuals, Textilfl\u00e4chen, mediale Integration, Corporate Design.<\/p>\n<h3 data-start=\"2498\" data-end=\"2525\" style=\"text-align: center;\">\u25aa Projektkoordination<\/h3>\n<p data-start=\"2526\" data-end=\"2593\" style=\"text-align: center;\">Schnittstelle zwischen Auftraggeber, Standbauer und Dienstleistern.<\/p>\n<h3 data-start=\"2595\" data-end=\"2621\" style=\"text-align: center;\">\u25aa Technische Planung<\/h3>\n<p data-start=\"2622\" data-end=\"2690\" style=\"text-align: center;\">CAD-Standpl\u00e4ne, Aufriss, Matrixsysteme, Bauh\u00f6he, Fl\u00e4chenoptimierung.<\/p>\n<p>[\/et_pb_text][\/et_pb_column][\/et_pb_row][\/et_pb_section]<\/p>\n","protected":false},"excerpt":{"rendered":"<p>Momente, die bleiben.Wir schaffen Erlebnisse, die Menschen verbinden.UNFORGETTABLE EVENTS25 Jahre Leidenschaft f\u00fcr Event&#8217;s &amp; Messebau, Fotografie &amp; Live-MarketingVon der ersten Idee bis zum Moment, in dem das Licht ausgeht \u2013 ich begleite Event&#8217;s, Messebau, Marken und Menschen seit \u00fcber 25 Jahren mit Leidenschaft. Mein Fokus liegt auf Emotion, Pr\u00e4zision und Kreativit\u00e4t.Ob Eventmanagement, Fotografie oder Marketing: [&hellip;]<\/p>\n","protected":false},"author":1,"featured_media":0,"parent":0,"menu_order":0,"comment_status":"closed","ping_status":"closed","template":"","meta":{"_et_pb_use_builder":"on","_et_pb_old_content":"","_et_gb_content_width":"","footnotes":""},"class_list":["post-22","page","type-page","status-publish","hentry"],"_links":{"self":[{"href":"https:\/\/msi73.ch\/index.php?rest_route=\/wp\/v2\/pages\/22","targetHints":{"allow":["GET"]}}],"collection":[{"href":"https:\/\/msi73.ch\/index.php?rest_route=\/wp\/v2\/pages"}],"about":[{"href":"https:\/\/msi73.ch\/index.php?rest_route=\/wp\/v2\/types\/page"}],"author":[{"embeddable":true,"href":"https:\/\/msi73.ch\/index.php?rest_route=\/wp\/v2\/users\/1"}],"replies":[{"embeddable":true,"href":"https:\/\/msi73.ch\/index.php?rest_route=%2Fwp%2Fv2%2Fcomments&post=22"}],"version-history":[{"count":32,"href":"https:\/\/msi73.ch\/index.php?rest_route=\/wp\/v2\/pages\/22\/revisions"}],"predecessor-version":[{"id":139,"href":"https:\/\/msi73.ch\/index.php?rest_route=\/wp\/v2\/pages\/22\/revisions\/139"}],"wp:attachment":[{"href":"https:\/\/msi73.ch\/index.php?rest_route=%2Fwp%2Fv2%2Fmedia&parent=22"}],"curies":[{"name":"wp","href":"https:\/\/api.w.org\/{rel}","templated":true}]}}